{"id":1322,"date":"2022-06-28T21:00:12","date_gmt":"2022-06-28T21:00:12","guid":{"rendered":"https:\/\/www.zucamargo.com\/sitio\/?page_id=1322"},"modified":"2022-07-22T14:31:39","modified_gmt":"2022-07-22T19:31:39","slug":"sobre-zu","status":"publish","type":"page","link":"https:\/\/www.zucamargo.com\/sitio\/sobre-zu\/","title":{"rendered":"Sobre Zu"},"content":{"rendered":"\t\t<div data-elementor-type=\"wp-page\" data-elementor-id=\"1322\" class=\"elementor elementor-1322\" data-elementor-post-type=\"page\">\n\t\t\t\t\t\t<section class=\"elementor-section elementor-top-section elementor-element elementor-element-cfe9709 elementor-section-boxed elementor-section-height-default elementor-section-height-default row-top\" data-id=\"cfe9709\" data-element_type=\"section\">\n\t\t\t\t\t\t<div class=\"elementor-container elementor-column-gap-default\">\n\t\t\t\t\t<div class=\"elementor-column elementor-col-100 elementor-top-column elementor-element elementor-element-bdc7059 column-style-top\" data-id=\"bdc7059\" data-element_type=\"column\">\n\t\t\t<div class=\"elementor-widget-wrap elementor-element-populated\">\n\t\t\t\t\t\t<div class=\"elementor-element elementor-element-0c16406 elementor-widget elementor-widget-image\" data-id=\"0c16406\" data-element_type=\"widget\" data-widget_type=\"image.default\">\n\t\t\t\t<div class=\"elementor-widget-container\">\n\t\t\t\t\t\t\t\t\t\t\t\t\t<img fetchpriority=\"high\" decoding=\"async\" width=\"2560\" height=\"1708\" src=\"https:\/\/www.zucamargo.com\/sitio\/wp-content\/uploads\/2022\/07\/SobreZuCamargo-scaled.jpg\" class=\"attachment-full size-full wp-image-1479\" alt=\"\" srcset=\"https:\/\/www.zucamargo.com\/sitio\/wp-content\/uploads\/2022\/07\/SobreZuCamargo-scaled.jpg 2560w, https:\/\/www.zucamargo.com\/sitio\/wp-content\/uploads\/2022\/07\/SobreZuCamargo-1024x683.jpg 1024w, https:\/\/www.zucamargo.com\/sitio\/wp-content\/uploads\/2022\/07\/SobreZuCamargo-768x512.jpg 768w, https:\/\/www.zucamargo.com\/sitio\/wp-content\/uploads\/2022\/07\/SobreZuCamargo-600x400.jpg 600w\" sizes=\"(max-width: 2560px) 100vw, 2560px\" \/>\t\t\t\t\t\t\t\t\t\t\t\t\t<\/div>\n\t\t\t\t<\/div>\n\t\t\t\t\t<\/div>\n\t\t<\/div>\n\t\t\t\t\t<\/div>\n\t\t<\/section>\n\t\t\t\t<section class=\"elementor-section elementor-top-section elementor-element elementor-element-cd20180 elementor-section-boxed elementor-section-height-default elementor-section-height-default row-top\" data-id=\"cd20180\" data-element_type=\"section\">\n\t\t\t\t\t\t<div class=\"elementor-container elementor-column-gap-default\">\n\t\t\t\t\t<div class=\"elementor-column elementor-col-100 elementor-top-column elementor-element elementor-element-4be8df2 column-style-top\" data-id=\"4be8df2\" data-element_type=\"column\">\n\t\t\t<div class=\"elementor-widget-wrap elementor-element-populated\">\n\t\t\t\t\t\t<div class=\"elementor-element elementor-element-167196e elementor-widget elementor-widget-text-editor\" data-id=\"167196e\" data-element_type=\"widget\" data-widget_type=\"text-editor.default\">\n\t\t\t\t<div class=\"elementor-widget-container\">\n\t\t\t\t\t\t\t<p style=\"text-align: justify;\"><span style=\"color: #000000;\">Mi pasi\u00f3n desde siempre ha sido comunicar. Estar en un escenario presencial o virtual siempre me ha hecho feliz, a\u00fan recuerdo mi primera conferencia ante m\u00e1s de cien personas a los 5 a\u00f1os de edad. Desde ese d\u00eda aprend\u00ed una de las lecciones m\u00e1s valiosas de mi vida: el talento no es suficiente, siempre debe ir acompa\u00f1ado de t\u00e9cnica, pasi\u00f3n y disciplina.<\/span><\/p><p style=\"text-align: justify;\"><span style=\"color: #000000;\">Soy Zu Camargo, autora por preparaci\u00f3n, speaker y entrenadora en habilidades de comunicaci\u00f3n por vocaci\u00f3n, coach ejecutiva por elecci\u00f3n, esposa y mam\u00e1 por decisi\u00f3n, de conversaciones nutritivas por intenci\u00f3n, apasionada por el aprendizaje por convicci\u00f3n y nacida en Barranquilla, Colombia por bendici\u00f3n.<\/span><\/p><p style=\"text-align: justify;\"><span style=\"color: #000000;\">A trav\u00e9s de mi marca personal ayudo a profesionales, emprendedores y equipos de trabajo a expresar de forma brillante sus ideas y ofrecer sus productos y servicios con total naturalidad gestionando el miedo a equivocarse, por medio de mentor\u00edas personalizadas, talleres grupales y formaciones corporativas.<\/span><\/p><p style=\"text-align: justify;\"><span style=\"color: #000000;\">Dise\u00f1ar una metodolog\u00eda exclusiva que combina el coaching y la oratoria me ha permitido recibir el apoyo editorial y lanzar mi primer libro: M\u00e9todo Z, la gu\u00eda efectiva para hablar en p\u00fablico y brillar con tus ideas recorriendo cuatro puntos.<\/span><\/p><p style=\"text-align: justify;\"><span style=\"color: #000000;\">Diez a\u00f1os de experiencia corporativa sumados a mi actividad docente, y hoy como emprendedora y futura empresaria, me ha permitido acompa\u00f1ar a m\u00e1s de mil personas detr\u00e1s de cargos estrat\u00e9gicos, t\u00e1cticos u operativos, seres humanos como t\u00fa y como yo, con ganas de liberar todo su potencial.<\/span><\/p><p style=\"text-align: justify;\"><span style=\"color: #000000;\">Al llegar a Per\u00fa hace un poco m\u00e1s de cincuenta meses, eleg\u00ed empezar una vez m\u00e1s, pero no desde cero, sino desde la certeza de mis sue\u00f1os y eso me ha permitido lograr cosas incre\u00edbles:<\/span><\/p><p style=\"text-align: justify;\"><span style=\"color: #000000;\">&#8211; Emprendedor del a\u00f1o 2020 \u2013 2021. Premio otorgado al emprendedor en Lima, Per\u00fa que durante la cuarentena eligi\u00f3 la reinvenci\u00f3n y la resiliencia. Clasificaron a votaciones 51 emprendedores de m\u00e1s de 260 que se presentaron en las diferentes ediciones de ferias online de LimaLink.<\/span><\/p><p style=\"text-align: justify;\"><span style=\"color: #000000;\">&#8211; Oradora del a\u00f1o 2021. Premio al compromiso, responsabilidad en el trabajo y calidad en la vocaci\u00f3n profesional expedido por la C\u00e1mara Mundial de Conferencistas, Expositores y Oradores.<\/span><\/p><p style=\"text-align: justify;\"><span style=\"color: #000000;\">&#8211; Guinness Record en equipo. Reconocimiento mundial expedido por Guinnes World Records\u00ae en diciembre de 2021 por ser una de las speakers que dict\u00f3 la clase de marketing m\u00e1s larga de la historia (transmisi\u00f3n en vivo de 49 horas seguidas con la participaci\u00f3n de m\u00e1s de 130 speakers EXMA)<\/span><\/p><p style=\"text-align: justify;\"><span style=\"color: #000000;\">&#8211; Feria Internacional del Libro de Bogot\u00e1. Lanzamiento en equipo con mi casa editorial Panhouse de mi primer libro acad\u00e9mico, en la categor\u00eda de emprendimiento y crecimiento personal en la reciente edici\u00f3n de la Feria llevada a cabo entre el 19 de abril y el 02 de mayo de 2022.<\/span><\/p><p style=\"text-align: justify;\"><span style=\"color: #000000;\">Administrador de empresas, especialista en comunicaci\u00f3n organizacional, mag\u00edster en gerencia de talento humano y una de las 88 mujeres speaker de la plataforma internacional EXMA.<\/span><\/p><p style=\"text-align: justify;\"><span style=\"color: #000000;\">M\u00e1s all\u00e1 de t\u00edtulos y reconocimientos, soy una mujer que, desde mi prop\u00f3sito de vida, quiero inspirar a toda la comunidad hispanohablante a que vivan su vida, sus sue\u00f1os, sus metas y hasta sus miedos en voz alta invit\u00e1ndolos siempre a que se atrevan a brillar en el escenario m\u00e1s grande de todos, su propia vida.<\/span><\/p>\t\t\t\t\t\t<\/div>\n\t\t\t\t<\/div>\n\t\t\t\t\t<\/div>\n\t\t<\/div>\n\t\t\t\t\t<\/div>\n\t\t<\/section>\n\t\t\t\t<\/div>\n\t\t","protected":false},"excerpt":{"rendered":"<p>Mi pasi\u00f3n desde siempre ha sido comunicar. Estar en un escenario presencial o virtual siempre me ha hecho feliz, a\u00fan recuerdo mi primera conferencia ante m\u00e1s de cien personas a [&hellip;]<\/p>\n","protected":false},"author":1,"featured_media":0,"parent":0,"menu_order":0,"comment_status":"closed","ping_status":"closed","template":"","meta":{"_price":"","_stock":"","_tribe_ticket_header":"","_tribe_default_ticket_provider":"","_tribe_ticket_capacity":"0","_ticket_start_date":"","_ticket_end_date":"","_tribe_ticket_show_description":"","_tribe_ticket_show_not_going":false,"_tribe_ticket_use_global_stock":"","_tribe_ticket_global_stock_level":"","_global_stock_mode":"","_global_stock_cap":"","_tribe_rsvp_for_event":"","_tribe_ticket_going_count":"","_tribe_ticket_not_going_count":"","_tribe_tickets_list":"[]","_tribe_ticket_has_attendee_info_fields":false,"footnotes":""},"class_list":["post-1322","page","type-page","status-publish","hentry"],"ticketed":false,"_links":{"self":[{"href":"https:\/\/www.zucamargo.com\/sitio\/wp-json\/wp\/v2\/pages\/1322","targetHints":{"allow":["GET"]}}],"collection":[{"href":"https:\/\/www.zucamargo.com\/sitio\/wp-json\/wp\/v2\/pages"}],"about":[{"href":"https:\/\/www.zucamargo.com\/sitio\/wp-json\/wp\/v2\/types\/page"}],"author":[{"embeddable":true,"href":"https:\/\/www.zucamargo.com\/sitio\/wp-json\/wp\/v2\/users\/1"}],"replies":[{"embeddable":true,"href":"https:\/\/www.zucamargo.com\/sitio\/wp-json\/wp\/v2\/comments?post=1322"}],"version-history":[{"count":10,"href":"https:\/\/www.zucamargo.com\/sitio\/wp-json\/wp\/v2\/pages\/1322\/revisions"}],"predecessor-version":[{"id":1488,"href":"https:\/\/www.zucamargo.com\/sitio\/wp-json\/wp\/v2\/pages\/1322\/revisions\/1488"}],"wp:attachment":[{"href":"https:\/\/www.zucamargo.com\/sitio\/wp-json\/wp\/v2\/media?parent=1322"}],"curies":[{"name":"wp","href":"https:\/\/api.w.org\/{rel}","templated":true}]}}